{"id":436,"date":"2015-08-17T12:04:23","date_gmt":"2015-08-17T15:04:23","guid":{"rendered":"http:\/\/www.tvchurrasco.com.br\/site\/?page_id=436"},"modified":"2015-08-31T10:58:37","modified_gmt":"2015-08-31T13:58:37","slug":"apresentacao","status":"publish","type":"page","link":"https:\/\/www.tvchurrasco.com.br\/site\/apresentacao","title":{"rendered":"Apresenta\u00e7\u00e3o"},"content":{"rendered":"<div id=\"tdi_1\" class=\"tdc-row\"><div class=\"vc_row tdi_2 aboutme_content wpb_row td-pb-row\" >\n<style scoped>\n\/* custom css - generated by TagDiv Composer *\/\n\n\/* custom css - generated by TagDiv Composer *\/\n.tdi_2,\r\n                .tdi_2 .tdc-columns{\r\n                    min-height: 0;\r\n                }.tdi_2,\r\n\t\t\t\t.tdi_2 .tdc-columns{\r\n\t\t\t\t    display: block;\r\n\t\t\t\t}.tdi_2 .tdc-columns{\r\n\t\t\t\t    width: 100%;\r\n\t\t\t\t}.tdi_2:before,\r\n\t\t\t\t.tdi_2:after{\r\n\t\t\t\t    display: table;\r\n\t\t\t\t}\n<\/style><div class=\"vc_column tdi_4  wpb_column vc_column_container tdc-column td-pb-span12\">\n<style scoped>\n\/* custom css - generated by TagDiv Composer *\/\n\n\/* custom css - generated by TagDiv Composer *\/\n.tdi_4{\r\n                    vertical-align: baseline;\r\n                }.tdi_4 > .wpb_wrapper,\r\n\t\t\t\t.tdi_4 > .wpb_wrapper > .tdc-elements{\r\n\t\t\t\t    display: block;\r\n\t\t\t\t}.tdi_4 > .wpb_wrapper > .tdc-elements{\r\n\t\t\t\t    width: 100%;\r\n\t\t\t\t}.tdi_4 > .wpb_wrapper > .vc_row_inner{\r\n\t\t\t\t    width: auto;\r\n\t\t\t\t}.tdi_4 > .wpb_wrapper{\r\n\t\t\t\t    width: auto;\r\n\t\t\t\t    height: auto;\r\n\t\t\t\t}\n<\/style><div class=\"wpb_wrapper\" ><div class=\"wpb_wrapper td_block_single_image td_block_wrap td_block_wrap vc_single_image tdi_5 aboutme_image  td-single-image-vc_box_outline td-pb-border-top td_block_template_1 \"  data-td-block-uid=\"tdi_5\"><span \r\n                            class=\"td_single_image_bg\" \r\n                            style=\"background-image: url(&#039;https:\/\/www.tvchurrasco.com.br\/site\/wp-content\/uploads\/2015\/08\/apresentacao.jpg&#039;);\" ><\/span>\n<style>\n\/* custom css - generated by TagDiv Composer *\/\n.td_block_single_image.td-image-video-modal{\r\n                  cursor: pointer;\r\n                }.td_block_single_image.td-no-img-custom-url .td_single_image_bg{\r\n                  pointer-events: none;\r\n                  cursor: default;\r\n                }.vc_single_image a{\r\n                  position: relative;\r\n                }.td-single-image-style-rounded .td_single_image_bg,\r\n                .td-single-image-style-rounded .td_single_image_bg:before,\r\n                .td-single-image-style-rounded .td_single_image_bg:after{\r\n                  border-radius: 4px;\r\n                }.td-single-image-style-border,\r\n                .td-single-image-style-round-border,\r\n                .td-single-image-style-circle-border,\r\n                .td-single-image-style-outline,\r\n                .td-single-image-style-bordered-shadow,\r\n                .td-single-image-style-round-outline,\r\n                .td-single-image-style-round-border-shadow,\r\n                .td-single-image-style-circle-outline,\r\n                .td-single-image-style-circle-border-shadow{\r\n                  margin-bottom: 22px;\r\n                  background-color: #EBEBEB;\r\n                }.td-single-image-style-border,\r\n                .td-single-image-style-round-border,\r\n                .td-single-image-style-circle-border{\r\n                  padding: 6px;\r\n                }.td-single-image-style-outline,\r\n                .td-single-image-style-bordered-shadow,\r\n                .td-single-image-style-round-outline,\r\n                .td-single-image-style-round-border-shadow,\r\n                .td-single-image-style-circle-outline,\r\n                .td-single-image-style-circle-border-shadow{\r\n                  padding: 1px;\r\n                }.td-single-image-style-outline .td_single_image_bg:before,\r\n                .td-single-image-style-bordered-shadow .td_single_image_bg:before,\r\n                .td-single-image-style-round-outline .td_single_image_bg:before,\r\n                .td-single-image-style-round-border-shadow .td_single_image_bg:before,\r\n                .td-single-image-style-circle-outline .td_single_image_bg:before,\r\n                .td-single-image-style-circle-border-shadow .td_single_image_bg:before,\r\n                .td-single-image-style-outline a:after,\r\n                .td-single-image-style-bordered-shadow .td_single_image_bg:after,\r\n                .td-single-image-style-round-outline .td_single_image_bg:after,\r\n                .td-single-image-style-round-border-shadow .td_single_image_bg:after,\r\n                .td-single-image-style-circle-outline .td_single_image_bg:after,\r\n                .td-single-image-style-circle-border-shadow .td_single_image_bg:after{\r\n                  content: '';\r\n                  position: absolute;\r\n                  top: 0;\r\n                  left: 0;\r\n                  width: 100%;\r\n                  height: 100%;\r\n                }.td-single-image-style-outline .td_single_image_bg:after,\r\n                .td-single-image-style-bordered-shadow .td_single_image_bg:after,\r\n                .td-single-image-style-round-outline .td_single_image_bg:after,\r\n                .td-single-image-style-round-border-shadow .td_single_image_bg:after,\r\n                .td-single-image-style-circle-outline .td_single_image_bg:after,\r\n                .td-single-image-style-circle-border-shadow .td_single_image_bg:after{\r\n                  color: #fff;\r\n                  -webkit-box-shadow: inset 0px 0px 0px 6px;\r\n                  box-shadow: inset 0px 0px 0px 6px;\r\n                }.td-single-image-style-outline .td_single_image_bg:before,\r\n                .td-single-image-style-bordered-shadow .td_single_image_bg:before,\r\n                .td-single-image-style-round-outline .td_single_image_bg:before,\r\n                .td-single-image-style-round-border-shadow .td_single_image_bg:before,\r\n                .td-single-image-style-circle-outline .td_single_image_bg:before,\r\n                .td-single-image-style-circle-border-shadow .td_single_image_bg:before{\r\n                  color: #EBEBEB;\r\n                  -webkit-box-shadow: inset 0px 0px 0px 7px;\r\n                  box-shadow: inset 0px 0px 0px 7px;\r\n                }.td-single-image-style-shadow .td_single_image_bg,\r\n                .td-single-image-style-bordered-shadow .td_single_image_bg,\r\n                .td-single-image-style-round-shadow .td_single_image_bg,\r\n                .td-single-image-style-round-border-shadow .td_single_image_bg,\r\n                .td-single-image-style-circle-shadow .td_single_image_bg,\r\n                .td-single-image-style-circle-border-shadow .td_single_image_bg{\r\n                  -webkit-box-shadow: 0 0 6px rgba(0, 0, 0, 0.1);\r\n                  box-shadow: 0 0 6px rgba(0, 0, 0, 0.1);\r\n                }.td-single-image-style-3d-shadow{\r\n                  position: relative;\r\n                }.td-single-image-style-3d-shadow:before,\r\n                .td-single-image-style-3d-shadow:after{\r\n                  content: '';\r\n                  position: absolute;\r\n                  bottom: 0;\r\n                  height: 30%;\r\n                  -webkit-box-shadow: 0 15px 10px rgba(0, 0, 0, 0.6);\r\n                  box-shadow: 0 15px 10px rgba(0, 0, 0, 0.6);\r\n                  z-index: 0;\r\n                }.td-single-image-style-3d-shadow:before{\r\n                  left: 5px;\r\n                  right: 50%;\r\n                  -webkit-transform: skewY(-6deg);\r\n                  transform: skewY(-6deg);\r\n                  -webkit-transform-origin: 0 0;\r\n                  transform-origin: 0 0;\r\n                }.td-single-image-style-3d-shadow:after{\r\n                  left: 50%;\r\n                  right: 5px;\r\n                  -webkit-transform: skewY(6deg);\r\n                  transform: skewY(6deg);\r\n                  -webkit-transform-origin: 100% 0;\r\n                  transform-origin: 100% 0;\r\n                }.td-single-image-style-3d-shadow .td_single_image_bg{\r\n                  z-index: 1;\r\n                }.td-single-image-style-round,\r\n                .td-single-image-style-round-border,\r\n                .td-single-image-style-round-outline,\r\n                .td-single-image-style-round-shadow,\r\n                .td-single-image-style-round-border-shadow,\r\n                .td-single-image-style-circle,\r\n                .td-single-image-style-circle-border,\r\n                .td-single-image-style-circle-outline,\r\n                .td-single-image-style-circle-shadow,\r\n                .td-single-image-style-circle-border-shadow{\r\n                  border-radius: 50%;\r\n                }.td-single-image-style-round .td_single_image_bg,\r\n                .td-single-image-style-round-border .td_single_image_bg,\r\n                .td-single-image-style-round-outline .td_single_image_bg,\r\n                .td-single-image-style-round-shadow .td_single_image_bg,\r\n                .td-single-image-style-round-border-shadow .td_single_image_bg,\r\n                .td-single-image-style-circle .td_single_image_bg,\r\n                .td-single-image-style-circle-border .td_single_image_bg,\r\n                .td-single-image-style-circle-outline .td_single_image_bg,\r\n                .td-single-image-style-circle-shadow .td_single_image_bg,\r\n                .td-single-image-style-circle-border-shadow .td_single_image_bg,\r\n                .td-single-image-style-round .td_single_image_bg:before,\r\n                .td-single-image-style-round-border .td_single_image_bg:before,\r\n                .td-single-image-style-round-outline .td_single_image_bg:before,\r\n                .td-single-image-style-round-shadow .td_single_image_bg:before,\r\n                .td-single-image-style-round-border-shadow .td_single_image_bg:before,\r\n                .td-single-image-style-circle .td_single_image_bg:before,\r\n                .td-single-image-style-circle-border .td_single_image_bg:before,\r\n                .td-single-image-style-circle-outline .td_single_image_bg:before,\r\n                .td-single-image-style-circle-shadow .td_single_image_bg:before,\r\n                .td-single-image-style-circle-border-shadow .td_single_image_bg:before,\r\n                .td-single-image-style-round .td_single_image_bg:after,\r\n                .td-single-image-style-round-border .td_single_image_bg:after,\r\n                .td-single-image-style-round-outline .td_single_image_bg:after,\r\n                .td-single-image-style-round-shadow .td_single_image_bg:after,\r\n                .td-single-image-style-round-border-shadow .td_single_image_bg:after,\r\n                .td-single-image-style-circle .td_single_image_bg:after,\r\n                .td-single-image-style-circle-border .td_single_image_bg:after,\r\n                .td-single-image-style-circle-outline .td_single_image_bg:after,\r\n                .td-single-image-style-circle-shadow .td_single_image_bg:after,\r\n                .td-single-image-style-circle-border-shadow .td_single_image_bg:after{\r\n                  border-radius: 50%;\r\n                }.td-single-image-style-round-outline .td_single_image_bg:before,\r\n                .td-single-image-style-round-border-shadow .td_single_image_bg:before,\r\n                .td-single-image-style-circle-outline .td_single_image_bg:before,\r\n                .td-single-image-style-circle-border-shadow .td_single_image_bg:before,\r\n                .td-single-image-style-round-outline .td_single_image_bg:before:before,\r\n                .td-single-image-style-round-border-shadow .td_single_image_bg:before:before,\r\n                .td-single-image-style-circle-outline .td_single_image_bg:before:before,\r\n                .td-single-image-style-circle-border-shadow .td_single_image_bg:before:before,\r\n                .td-single-image-style-round-outline .td_single_image_bg:after:before,\r\n                .td-single-image-style-round-border-shadow .td_single_image_bg:after:before,\r\n                .td-single-image-style-circle-outline .td_single_image_bg:after:before,\r\n                .td-single-image-style-circle-border-shadow .td_single_image_bg:after:before,\r\n                .td-single-image-style-round-outline .td_single_image_bg:after,\r\n                .td-single-image-style-round-border-shadow .td_single_image_bg:after,\r\n                .td-single-image-style-circle-outline .td_single_image_bg:after,\r\n                .td-single-image-style-circle-border-shadow .td_single_image_bg:after,\r\n                .td-single-image-style-round-outline .td_single_image_bg:before:after,\r\n                .td-single-image-style-round-border-shadow .td_single_image_bg:before:after,\r\n                .td-single-image-style-circle-outline .td_single_image_bg:before:after,\r\n                .td-single-image-style-circle-border-shadow .td_single_image_bg:before:after,\r\n                .td-single-image-style-round-outline .td_single_image_bg:after:after,\r\n                .td-single-image-style-round-border-shadow .td_single_image_bg:after:after,\r\n                .td-single-image-style-circle-outline .td_single_image_bg:after:after,\r\n                .td-single-image-style-circle-border-shadow .td_single_image_bg:after:after{\r\n                  border-radius: 50%;\r\n                }.td-single-image-style-circle .td_single_image_bg,\r\n                .td-single-image-style-circle-border .td_single_image_bg,\r\n                .td-single-image-style-circle-outline .td_single_image_bg,\r\n                .td-single-image-style-circle-shadow .td_single_image_bg,\r\n                .td-single-image-style-circle-border-shadow .td_single_image_bg{\r\n                  height: 0;\r\n                  padding-bottom: 100%;\r\n                }.vc_single_image .td_single_image_bg{\r\n                  width: 100%;\r\n                  display: block;\r\n                  background-size: cover;\r\n                }.tdi_5 .td_single_image_bg{\r\n\t\t\t\t\theight: 400px;\r\n\t\t\t\t\tpadding-bottom: 0;\r\n\t\t\t\t\r\n                background-repeat: no-repeat;\r\n\t\t\t\t\r\n                background-position: center center;\r\n\t\t\t\t}.tdi_5:hover .td_single_image_bg:before{\r\n                    opacity: 0;\r\n                }@media (max-width: 767px) {\r\n                  .td-stretch-content .td_block_single_image {\r\n                    margin-right: -20px;\r\n                    margin-left: -20px;\r\n                  }\r\n                }@media (max-width: 767px) {\r\n                  .td-single-image-style-border,\r\n                  .td-single-image-style-round-border,\r\n                  .td-single-image-style-circle-border,\r\n                  .td-single-image-style-outline,\r\n                  .td-single-image-style-bordered-shadow,\r\n                  .td-single-image-style-round-outline,\r\n                  .td-single-image-style-round-border-shadow,\r\n                  .td-single-image-style-circle-outline,\r\n                  .td-single-image-style-circle-border-shadow {\r\n                    margin-bottom: 32px;\r\n                  }\r\n                }\n<\/style><\/div><div class=\"wpb_wrapper wpb_text_column td_block_wrap td_block_wrap vc_column_text tdi_6  tagdiv-type td-pb-border-top td_block_template_1\"  data-td-block-uid=\"tdi_6\" >\n<style>\n\/* custom css - generated by TagDiv Composer *\/\n.vc_column_text > .td-element-style{\r\n\t\t\t\t\tz-index: -1;\r\n\t\t\t\t}\n<\/style><div class=\"td-fix-index\"><p>Brasileiro \u00e9 apaixonado por churrasco. Por isso, melhor do que ningu\u00e9m, ele organiza, prepara, tempera e cuida de cada detalhe, fazendo sempre quest\u00e3o de inovar, para oferecer e saborear o melhor churrasco ao lado da fam\u00edlia e dos amigos.<\/p>\n<p>E \u00e9 essa caracter\u00edstica nacional de transformar simples momentos em verdadeiras confraterniza\u00e7\u00f5es e grandes festas, que impulsionou o nascimento da TV Churrasco.\u00a0Um site feito para todos os churrasqueiros, tanto para profissionais como amadores de fim de semana.<\/p>\n<p>Nosso conte\u00fado \u00e9 especializado, diversificado e did\u00e1tico. Aqui voc\u00ea encontra v\u00eddeos sobre o universo do churrasco: receitas tradicionais ou elaboradas (aves, su\u00ednos, bovinos, cordeiros, picanhas, acompanhamentos, saladas, entradas, petiscos e sobremesas), dicas, macetes, curiosidades e informa\u00e7\u00f5es sobre cortes de carne. Tudo para deixar seu churrasco mais que especial.<\/p>\n<\/div><\/div><\/div><\/div><\/div><\/div><div id=\"tdi_7\" class=\"tdc-row\"><div class=\"vc_row tdi_8  wpb_row td-pb-row\" >\n<style scoped>\n\/* custom css - generated by TagDiv Composer *\/\n\n\/* custom css - generated by TagDiv Composer *\/\n.tdi_8,\r\n                .tdi_8 .tdc-columns{\r\n                    min-height: 0;\r\n                }.tdi_8,\r\n\t\t\t\t.tdi_8 .tdc-columns{\r\n\t\t\t\t    display: block;\r\n\t\t\t\t}.tdi_8 .tdc-columns{\r\n\t\t\t\t    width: 100%;\r\n\t\t\t\t}.tdi_8:before,\r\n\t\t\t\t.tdi_8:after{\r\n\t\t\t\t    display: table;\r\n\t\t\t\t}\n<\/style><div class=\"vc_column tdi_10  wpb_column vc_column_container tdc-column td-pb-span12\">\n<style scoped>\n\/* custom css - generated by TagDiv Composer *\/\n\n\/* custom css - generated by TagDiv Composer *\/\n.tdi_10{\r\n                    vertical-align: baseline;\r\n                }.tdi_10 > .wpb_wrapper,\r\n\t\t\t\t.tdi_10 > .wpb_wrapper > .tdc-elements{\r\n\t\t\t\t    display: block;\r\n\t\t\t\t}.tdi_10 > .wpb_wrapper > .tdc-elements{\r\n\t\t\t\t    width: 100%;\r\n\t\t\t\t}.tdi_10 > .wpb_wrapper > .vc_row_inner{\r\n\t\t\t\t    width: auto;\r\n\t\t\t\t}.tdi_10 > .wpb_wrapper{\r\n\t\t\t\t    width: auto;\r\n\t\t\t\t    height: auto;\r\n\t\t\t\t}\n<\/style><div class=\"wpb_wrapper\" >[vc_text_separator title=&#8221;\u00daltimas Receitas&#8221; title_align=&#8221;separator_align_center&#8221; align=&#8221;align_center&#8221; color=&#8221;grey&#8221;]<div class=\"td_block_wrap td_block_big_grid_5 tdi_11 td-grid-style-5 td-hover-1 td-big-grids td-pb-border-top td_block_template_1\"  data-td-block-uid=\"tdi_11\" ><div id=tdi_11 class=\"td_block_inner\"><div class=\"td-big-grid-wrapper\">\r\n        <div class=\"td_module_mx12 td-animation-stack td_module_no_thumb td-big-grid-post-0 td-big-grid-post td-small-thumb\">\r\n                        <div class=\"td-meta-info-container\">\r\n                <div class=\"td-meta-align\">\r\n                    <div class=\"td-big-grid-meta\">\r\n                                                <h3 class=\"entry-title td-module-title\"><a href=\"https:\/\/www.tvchurrasco.com.br\/site\/receitas\/fraldinha-recheada-na-churrasqueira-3-queijos-fora-da-media.html\"  rel=\"bookmark\" title=\"FRALDINHA RECHEADA NA CHURRASQUEIRA | 3 QUEIJOS FORA DA M\u00c9DIA\">FRALDINHA RECHEADA NA CHURRASQUEIRA | 3 QUEIJOS FORA DA M\u00c9DIA<\/a><\/h3>                    <\/div>\r\n                    <div class=\"td-module-meta-info\">\r\n                        <span class=\"td-post-author-name\"><a href=\"https:\/\/www.tvchurrasco.com.br\/site\/author\/tvchurrasco\">tvchurrasco<\/a> <span>-<\/span> <\/span>                        <span class=\"td-post-date\"><time class=\"entry-date updated td-module-date\" datetime=\"2026-05-06T17:46:25-03:00\" >06\/05\/2026<\/time><\/span>                    <\/div>\r\n                <\/div>\r\n            <\/div>\r\n\r\n        <\/div>\r\n\r\n        \r\n        <div class=\"td_module_mx12 td-animation-stack td-big-grid-post-1 td-big-grid-post td-small-thumb\">\r\n            <div class=\"td-module-thumb\"><a href=\"https:\/\/www.tvchurrasco.com.br\/site\/receitas\/bovinos\/contrafile-com-fritas-na-airfryer-almoco-completo.html\"  rel=\"bookmark\" class=\"td-image-wrap \" title=\"CONTRAFIL\u00c9 COM FRITAS NA AIRFRYER | ALMO\u00c7O COMPLETO\" ><img loading=\"lazy\" decoding=\"async\" width=\"356\" height=\"220\" class=\"entry-thumb\" src=\"https:\/\/www.tvchurrasco.com.br\/site\/wp-content\/uploads\/2026\/04\/Artboard-1-copiar-24-356x220.jpg\"  srcset=\"https:\/\/www.tvchurrasco.com.br\/site\/wp-content\/uploads\/2026\/04\/Artboard-1-copiar-24-356x220.jpg 356w, https:\/\/www.tvchurrasco.com.br\/site\/wp-content\/uploads\/2026\/04\/Artboard-1-copiar-24-712x440.jpg 712w\" sizes=\"auto, (-webkit-min-device-pixel-ratio: 2) 712px, (min-resolution: 192dpi) 712px, 356px\"  alt=\"\" title=\"CONTRAFIL\u00c9 COM FRITAS NA AIRFRYER | ALMO\u00c7O COMPLETO\" \/><\/a><\/div>            <div class=\"td-meta-info-container\">\r\n                <div class=\"td-meta-align\">\r\n                    <div class=\"td-big-grid-meta\">\r\n                                                <h3 class=\"entry-title td-module-title\"><a href=\"https:\/\/www.tvchurrasco.com.br\/site\/receitas\/bovinos\/contrafile-com-fritas-na-airfryer-almoco-completo.html\"  rel=\"bookmark\" title=\"CONTRAFIL\u00c9 COM FRITAS NA AIRFRYER | ALMO\u00c7O COMPLETO\">CONTRAFIL\u00c9 COM FRITAS NA AIRFRYER | ALMO\u00c7O COMPLETO<\/a><\/h3>                    <\/div>\r\n                    <div class=\"td-module-meta-info\">\r\n                        <span class=\"td-post-author-name\"><a href=\"https:\/\/www.tvchurrasco.com.br\/site\/author\/tvchurrasco\">tvchurrasco<\/a> <span>-<\/span> <\/span>                        <span class=\"td-post-date\"><time class=\"entry-date updated td-module-date\" datetime=\"2026-04-29T17:57:12-03:00\" >29\/04\/2026<\/time><\/span>                    <\/div>\r\n                <\/div>\r\n            <\/div>\r\n\r\n        <\/div>\r\n\r\n        \r\n        <div class=\"td_module_mx12 td-animation-stack td-big-grid-post-2 td-big-grid-post td-small-thumb\">\r\n            <div class=\"td-module-thumb\"><a href=\"https:\/\/www.tvchurrasco.com.br\/site\/receitas\/picaleta-vs-picanha-qual-vale-mais-a-pena.html\"  rel=\"bookmark\" class=\"td-image-wrap \" title=\"Picaleta vs Picanha: Qual Vale Mais a Pena?\" ><img loading=\"lazy\" decoding=\"async\" width=\"356\" height=\"220\" class=\"entry-thumb\" src=\"https:\/\/www.tvchurrasco.com.br\/site\/wp-content\/uploads\/2026\/04\/Artboard-1-copiar-20_2-356x220.jpg\"  srcset=\"https:\/\/www.tvchurrasco.com.br\/site\/wp-content\/uploads\/2026\/04\/Artboard-1-copiar-20_2-356x220.jpg 356w, https:\/\/www.tvchurrasco.com.br\/site\/wp-content\/uploads\/2026\/04\/Artboard-1-copiar-20_2-712x440.jpg 712w\" sizes=\"auto, (-webkit-min-device-pixel-ratio: 2) 712px, (min-resolution: 192dpi) 712px, 356px\"  alt=\"\" title=\"Picaleta vs Picanha: Qual Vale Mais a Pena?\" \/><\/a><\/div>            <div class=\"td-meta-info-container\">\r\n                <div class=\"td-meta-align\">\r\n                    <div class=\"td-big-grid-meta\">\r\n                                                <h3 class=\"entry-title td-module-title\"><a href=\"https:\/\/www.tvchurrasco.com.br\/site\/receitas\/picaleta-vs-picanha-qual-vale-mais-a-pena.html\"  rel=\"bookmark\" title=\"Picaleta vs Picanha: Qual Vale Mais a Pena?\">Picaleta vs Picanha: Qual Vale Mais a Pena?<\/a><\/h3>                    <\/div>\r\n                    <div class=\"td-module-meta-info\">\r\n                        <span class=\"td-post-author-name\"><a href=\"https:\/\/www.tvchurrasco.com.br\/site\/author\/tvchurrasco\">tvchurrasco<\/a> <span>-<\/span> <\/span>                        <span class=\"td-post-date\"><time class=\"entry-date updated td-module-date\" datetime=\"2026-04-22T18:00:32-03:00\" >22\/04\/2026<\/time><\/span>                    <\/div>\r\n                <\/div>\r\n            <\/div>\r\n\r\n        <\/div>\r\n\r\n        <\/div><div class=\"clearfix\"><\/div><\/div><\/div> <!-- .\/block --><\/div><\/div><\/div><\/div><div class=\"angwp_21317 _ning_cont _ning_hidden _ning_outer _align_center responsive\" data-size=\"custom\" data-bid=\"21317\" data-aid=\"0\" style=\"max-width:1000px; width:100%;height:inherit;\"><div class=\"_ning_label _left\" style=\"\"><\/div><div class=\"_ning_inner\" style=\"\"><div class=\"_ning_elmt\"><a href=\"https:\/\/www.youtube.com\/watch?v=S_Ts5EEQYXs\"><img decoding=\"async\" alt=\"Banner Receita\" src=\"https:\/\/www.tvchurrasco.com.br\/site\/wp-content\/uploads\/2025\/04\/Banner-Como-Fazer-Picanha-na-Frigideira-com-Alho-Tv-Churrasco.jpg\"  width=\"100%\" height=\"100%\" \/><\/a><\/div>\r\n<\/br>\r\n<div class=\"_ning_elmt\"><a href=\"https:\/\/www.youtube.com\/shorts\/Y__VBaJYJzI\"><img decoding=\"async\" alt=\"Banner Receita\" src=\"https:\/\/www.tvchurrasco.com.br\/site\/wp-content\/uploads\/2025\/04\/Banner-Receita-de-Linguica-com-Pasta-de-Alho-Tv-Receitas.jpg\"  width=\"100%\" height=\"100%\" \/><\/a><\/div><\/div><\/div><div class=\"clear\"><\/div>","protected":false},"excerpt":{"rendered":"","protected":false},"author":2,"featured_media":0,"parent":0,"menu_order":0,"comment_status":"open","ping_status":"open","template":"page-pagebuilder-title.php","meta":{"wprm-recipe-roundup-name":"","wprm-recipe-roundup-description":"","_uf_show_specific_survey":0,"_uf_disable_surveys":false,"tdm_status":"","tdm_grid_status":"","footnotes":""},"class_list":["post-436","page","type-page","status-publish"],"aioseo_notices":[],"_links":{"self":[{"href":"https:\/\/www.tvchurrasco.com.br\/site\/wp-json\/wp\/v2\/pages\/436","targetHints":{"allow":["GET"]}}],"collection":[{"href":"https:\/\/www.tvchurrasco.com.br\/site\/wp-json\/wp\/v2\/pages"}],"about":[{"href":"https:\/\/www.tvchurrasco.com.br\/site\/wp-json\/wp\/v2\/types\/page"}],"author":[{"embeddable":true,"href":"https:\/\/www.tvchurrasco.com.br\/site\/wp-json\/wp\/v2\/users\/2"}],"replies":[{"embeddable":true,"href":"https:\/\/www.tvchurrasco.com.br\/site\/wp-json\/wp\/v2\/comments?post=436"}],"version-history":[{"count":0,"href":"https:\/\/www.tvchurrasco.com.br\/site\/wp-json\/wp\/v2\/pages\/436\/revisions"}],"wp:attachment":[{"href":"https:\/\/www.tvchurrasco.com.br\/site\/wp-json\/wp\/v2\/media?parent=436"}],"curies":[{"name":"wp","href":"https:\/\/api.w.org\/{rel}","templated":true}]}}