{"id":38,"date":"2015-07-17T19:08:36","date_gmt":"2015-07-17T22:08:36","guid":{"rendered":"http:\/\/td_uid_1_55a97ce43791c"},"modified":"2017-08-30T08:42:37","modified_gmt":"2017-08-30T11:42:37","slug":"contato","status":"publish","type":"page","link":"https:\/\/www.tvchurrasco.com.br\/site\/contato","title":{"rendered":"Contato"},"content":{"rendered":"<div id=\"tdi_1\" class=\"tdc-row\"><div class=\"vc_row tdi_2  wpb_row td-pb-row\" >\n<style scoped>\n\/* custom css - generated by TagDiv Composer *\/\n\n\/* custom css - generated by TagDiv Composer *\/\n.tdi_2,\r\n                .tdi_2 .tdc-columns{\r\n                    min-height: 0;\r\n                }.tdi_2,\r\n\t\t\t\t.tdi_2 .tdc-columns{\r\n\t\t\t\t    display: block;\r\n\t\t\t\t}.tdi_2 .tdc-columns{\r\n\t\t\t\t    width: 100%;\r\n\t\t\t\t}.tdi_2:before,\r\n\t\t\t\t.tdi_2:after{\r\n\t\t\t\t    display: table;\r\n\t\t\t\t}\n<\/style><div class=\"vc_column tdi_4  wpb_column vc_column_container tdc-column td-pb-span8\">\n<style scoped>\n\/* custom css - generated by TagDiv Composer *\/\n\n\/* custom css - generated by TagDiv Composer *\/\n.tdi_4{\r\n                    vertical-align: baseline;\r\n                }.tdi_4 > .wpb_wrapper,\r\n\t\t\t\t.tdi_4 > .wpb_wrapper > .tdc-elements{\r\n\t\t\t\t    display: block;\r\n\t\t\t\t}.tdi_4 > .wpb_wrapper > .tdc-elements{\r\n\t\t\t\t    width: 100%;\r\n\t\t\t\t}.tdi_4 > .wpb_wrapper > .vc_row_inner{\r\n\t\t\t\t    width: auto;\r\n\t\t\t\t}.tdi_4 > .wpb_wrapper{\r\n\t\t\t\t    width: auto;\r\n\t\t\t\t    height: auto;\r\n\t\t\t\t}\n<\/style><div class=\"wpb_wrapper\" ><div class=\"wpb_wrapper wpb_text_column td_block_wrap td_block_wrap vc_column_text tdi_5  tagdiv-type td-pb-border-top td_block_template_1\"  data-td-block-uid=\"tdi_5\" >\n<style>\n\/* custom css - generated by TagDiv Composer *\/\n.vc_column_text > .td-element-style{\r\n\t\t\t\t\tz-index: -1;\r\n\t\t\t\t}\n<\/style><div class=\"td-fix-index\"><p>Tire suas d\u00favidas, fa\u00e7a suas cr\u00edticas, d\u00ea sugest\u00f5es e opini\u00f5es.<br \/>\nPreencha o cadastro e entre em contato com a TVChurrasco.<\/p>\n<\/div><\/div><div class=\"vc_row_inner tdi_7  vc_row vc_inner wpb_row td-pb-row\" >\n<style scoped>\n\/* custom css - generated by TagDiv Composer *\/\n\n\/* custom css - generated by TagDiv Composer *\/\n.tdi_7{\r\n                    position: relative !important;\r\n                    top: 0;\r\n                    transform: none;\r\n                    -webkit-transform: none;\r\n                }.tdi_7,\r\n\t\t\t\t.tdi_7 .tdc-inner-columns{\r\n\t\t\t\t    display: block;\r\n\t\t\t\t}.tdi_7 .tdc-inner-columns{\r\n\t\t\t\t    width: 100%;\r\n\t\t\t\t}\n<\/style><div class=\"vc_column_inner tdi_9  wpb_column vc_column_container tdc-inner-column td-pb-span12\">\n<style scoped>\n\/* custom css - generated by TagDiv Composer *\/\n\n\/* custom css - generated by TagDiv Composer *\/\n.tdi_9{\r\n                    vertical-align: baseline;\r\n                }.tdi_9 .vc_column-inner > .wpb_wrapper,\r\n\t\t\t\t.tdi_9 .vc_column-inner > .wpb_wrapper .tdc-elements{\r\n\t\t\t\t    display: block;\r\n\t\t\t\t}.tdi_9 .vc_column-inner > .wpb_wrapper .tdc-elements{\r\n\t\t\t\t    width: 100%;\r\n\t\t\t\t}\n<\/style><div class=\"vc_column-inner\"><div class=\"wpb_wrapper\" ><div class=\"wpb_wrapper wpb_text_column td_block_wrap td_block_wrap vc_column_text tdi_10  tagdiv-type td-pb-border-top td_block_template_1\"  data-td-block-uid=\"tdi_10\" ><div class=\"td-fix-index\"><div style=\"display:none\" class=\"fm-form-container fm-theme0\"><div id=\"fm-pages7\" class=\"fm-pages wdform_page_navigation \" show_title=\"false\" show_numbers=\"true\" type=\"none\"><\/div><form name=\"form7\" action=\"\/site\/wp-json\/wp\/v2\/pages\/38\" method=\"post\" id=\"form7\" class=\"fm-form form7  \" enctype=\"multipart\/form-data\"><input type=\"hidden\" id=\"fm_page_id7\" value=\"38\" name=\"fm_page_id7\" \/><input type=\"hidden\" id=\"fm_current_post_type7\" value=\"page\" name=\"fm_current_post_type7\" \/><input type=\"hidden\" id=\"counter7\" value=\"11\" name=\"counter7\" \/><input type=\"hidden\" id=\"Itemid7\" value=\"\" name=\"Itemid7\" \/><input type=\"hidden\" id=\"fm_shake7\" value=\"1\" name=\"fm_shake7\" \/><input type=\"text\" class=\"fm-hide\" id=\"fm_empty_field_validation7\" value=\"\" name=\"fm_empty_field_validation7\" data-value=\"bd736efb144d599cf463541431fbf5c4\" \/><div class=\"wdform-page-and-images\" style=\"display:table; border-top:0px solid black;\"><div id=\"7form_view1\" class=\"wdform_page\" page_title=\"Untitled page\" next_title=\"Next\" next_type=\"text\" next_class=\"wdform-page-button\" next_checkable=\"false\" previous_title=\"Previous\" previous_type=\"text\" previous_class=\"wdform-page-button\" previous_checkable=\"false\"><div class=\"wdform_section\"><div class=\"wdform_column \" style=\"border: none;\"><div wdid=\"1\" class=\"wdform_row \" style=\"\"><div type=\"type_text\" class=\"wdform-field wd-width-100 wd-flex wd-flex-row fm-type_text\" ><div class=\"wdform-label-section wd-width-30  wd-flex-row wd-align-items-center\" style=\"max-width: 100px;\">    <label  for=\"wdform_1_element7\" class=\"wdform-label\">Nome:<\/label><span class=\"wdform-required\">*<\/span><\/div><div class=\"wdform-element-section wd-flex  wd-flex-row wd-align-items-center wd-width-70\" style=\"max-width: 200px;\"><input type=\"text\"                           class=\"wd-width-100\"                           id=\"wdform_1_element7\"                           name=\"wdform_1_element7\"                           value=\"\"                           data-value=\"\"                           title=\"\"                           placeholder=\"\"                                                       \/><\/div><\/div><\/div><div wdid=\"10\" class=\"wdform_row \" style=\"\"><div type=\"type_submitter_mail\" class=\"wdform-field wd-width-100 wd-flex wd-flex-row fm-type_submitter_mail\" ><div class=\"wdform-label-section wd-width-30  wd-flex-row\" style=\"max-width: 100px;\">    <label  for=\"wdform_10_element7\" class=\"wdform-label\">E-mail:<\/label><span class=\"wdform-required\">*<\/span><\/div><div class=\"wdform-element-section wd-flex  wd-flex-row wd-width-70\" style=\"max-width: 200px;\"><input type=\"text\" class=\"wd-width-100\" id=\"wdform_10_element7\" name=\"wdform_10_element7\" data-value=\"\" value=\"\" title=\"\" placeholder=\"\"   onchange=\"wd_check_email('10', '7', 'This is not a valid email address.')\" \/><\/div><\/div><\/div><div wdid=\"3\" class=\"wdform_row \"><div type=\"type_text\" class=\"wdform-field wd-width-100 wd-flex wd-flex-row fm-type_text\" ><div class=\"wdform-label-section wd-width-30  wd-flex-row wd-align-items-center\" style=\"max-width: 100px;\">    <label  for=\"wdform_3_element7\" class=\"wdform-label\">Cidade:<\/label><\/div><div class=\"wdform-element-section wd-flex  wd-flex-row wd-align-items-center wd-width-70\" style=\"max-width: 200px;\"><input type=\"text\"                           class=\"wd-width-100\"                           id=\"wdform_3_element7\"                           name=\"wdform_3_element7\"                           value=\"\"                           data-value=\"\"                           title=\"\"                           placeholder=\"\"                                                       \/><\/div><\/div><\/div><div wdid=\"4\" class=\"wdform_row \" style=\"\"><div type=\"type_own_select\" class=\"wdform-field wd-width-100 wd-flex wd-flex-row fm-type_own_select\" ><div class=\"wdform-label-section wd-width-30 wdform_select wd-flex-row\" style=\"max-width: 100px;\">    <label  for=\"wdform_4_element7\" class=\"wdform-label\">Estado:<\/label><\/div><div class=\"wdform-element-section wd-flex wdform_select wd-flex-row wd-width-70\" style=\"max-width: 200px;\"><select class=\"wd-width-100\" id=\"wdform_4_element7\" name=\"wdform_4_element7\" ><option value=\"Selecione o Estado\" selected=\"selected\">Selecione o Estado<\/option><option value=\"AC\" >AC<\/option><option value=\"AL\" >AL<\/option><option value=\"AM\" >AM<\/option><option value=\"AP\" >AP<\/option><option value=\"BA\" >BA<\/option><option value=\"CE\" >CE<\/option><option value=\"DF\" >DF<\/option><option value=\"ES\" >ES<\/option><option value=\"GO\" >GO<\/option><option value=\"MA\" >MA<\/option><option value=\"MG\" >MG<\/option><option value=\"MS\" >MS<\/option><option value=\"MT\" >MT<\/option><option value=\"PA\" >PA<\/option><option value=\"PB\" >PB<\/option><option value=\"PE\" >PE<\/option><option value=\"PI\" >PI<\/option><option value=\"PR\" >PR<\/option><option value=\"RJ\" >RJ<\/option><option value=\"RN\" >RN<\/option><option value=\"RO\" >RO<\/option><option value=\"RR\" >RR<\/option><option value=\"RS\" >RS<\/option><option value=\"SC\" >SC<\/option><option value=\"SE\" >SE<\/option><option value=\"SP\" >SP<\/option><option value=\"TO\" >TO<\/option><\/select><\/div><\/div><\/div><div wdid=\"5\" class=\"wdform_row \"><div type=\"type_own_select\" class=\"wdform-field wd-width-100 wd-flex wd-flex-row fm-type_own_select\" ><div class=\"wdform-label-section wd-width-30 wdform_select wd-flex-row\" style=\"max-width: 100px;\">    <label  for=\"wdform_5_element7\" class=\"wdform-label\">Assunto<\/label><\/div><div class=\"wdform-element-section wd-flex wdform_select wd-flex-row wd-width-70\" style=\"max-width: 200px;\"><select class=\"wd-width-100\" id=\"wdform_5_element7\" name=\"wdform_5_element7\" ><option value=\"\" selected=\"selected\">--Selecione--<\/option><option value=\"Sugest\u00f5es\" >Sugest\u00f5es<\/option><option value=\"Sugest\u00e3o de Receita\" >Sugest\u00e3o de Receita<\/option><option value=\"Produtos \\ Loja Virtual\" >Produtos \\ Loja Virtual<\/option><option value=\"D\u00favidas de Receita\" >D\u00favidas de Receita<\/option><option value=\"Quero Anunciar\" >Quero Anunciar<\/option><option value=\"Ouvidoria\" >Ouvidoria<\/option><\/select><\/div><\/div><\/div><div wdid=\"6\" class=\"wdform_row \"><div type=\"type_textarea\" class=\"wdform-field wd-width-100 wd-flex wd-flex-row fm-type_textarea\" ><div class=\"wdform-label-section wd-width-30 \" style=\"max-width: 100px;\">    <label  for=\"wdform_6_element7\" class=\"wdform-label\">Sua Mensagem:<\/label><\/div><div class=\"wdform-element-section wd-flex  wd-width-70\" style=\"max-width: 200px;\"><textarea class=\"wd-width-100\"                      id=\"wdform_6_element7\"                      name=\"wdform_6_element7\"                      placeholder=\"\"                      data-value=\"\"                      maxlength=\"\"                      style=\"height: 100px;\"                      ><\/textarea><\/div><\/div><\/div><div wdid=\"9\" class=\"wdform_row \"><div type=\"type_submit_reset\" class=\"wdform-field wd-width-100 wd-flex wd-flex-column fm-type_submit_reset\" ><div class=\"wdform-element-section wd-flex  wd-flex-row wd-justify-content-left wd-width-100\" ><button  type=\"button\" class=\"button-submit\" onclick=\"fm_submit_form('7');\"  data-ajax=\"0\"><span class=\"fm-submit-loading spinner fm-ico-spinner\"><\/span>Enviar<\/button><button  type=\"button\" class=\"button-reset wd-hidden\" onclick=\"fm_reset_form(7);\" >Reset<\/button><\/div><\/div><\/div><\/div><div class=\"wdform_column \"><div wdid=\"8\" class=\"wdform_row \" style=\"\"><div type=\"type_send_copy\" class=\"wdform-field wd-width-100 wd-flex wd-flex-row fm-type_send_copy\" ><div class=\"wdform-element-section wd-flex  checkbox-div wd-flex-row-reverse wd-align-items-center wd-justify-content-right wd-width-70\" style=\"max-width: 300px;\"><input type=\"checkbox\"                             class=\"wd-flex-row\"                             id=\"wdform_8_element7\"                             name=\"wdform_8_element7\"                             checked='checked'                              \/><label class=\"wd-align-items-center wd-flex wd-flex-row-reverse\" for=\"wdform_8_element7\" class=\"wdform-label\"><span><\/span>Aceito receber not\u00edcias e receitas da Tv Churrasco (voc\u00ea pode cancelar sua assinatura a qualquer momento). <\/label><\/div><\/div><\/div><\/div><\/div><div valign=\"top\" class=\"wdform_footer\" style=\"width: 100%;\"><div style=\"width: 100%;\"><div style=\"width: 100%; display: table; padding-top:10px;\"><div style=\"display: table-row-group;\"><div id=\"7page_nav1\" style=\"display: table-row;\"><\/div><\/div><\/div><\/div><\/div><\/div><\/div><div class=\"wdform_preload\"><\/div><input type=\"hidden\" name=\"fm-current-page\" value=\"https:\/\/www.tvchurrasco.com.br\/site\/wp-json\/wp\/v2\/pages\/38\" \/><\/form><\/div>\n<\/div><\/div><\/div><\/div><\/div><\/div><div class=\"vc_row_inner tdi_12  vc_row vc_inner wpb_row td-pb-row\" >\n<style scoped>\n\/* custom css - generated by TagDiv Composer *\/\n\n\/* custom css - generated by TagDiv Composer *\/\n.tdi_12{\r\n                    position: relative !important;\r\n                    top: 0;\r\n                    transform: none;\r\n                    -webkit-transform: none;\r\n                }.tdi_12,\r\n\t\t\t\t.tdi_12 .tdc-inner-columns{\r\n\t\t\t\t    display: block;\r\n\t\t\t\t}.tdi_12 .tdc-inner-columns{\r\n\t\t\t\t    width: 100%;\r\n\t\t\t\t}\n<\/style><div class=\"vc_column_inner tdi_14  wpb_column vc_column_container tdc-inner-column td-pb-span12\">\n<style scoped>\n\/* custom css - generated by TagDiv Composer *\/\n\n\/* custom css - generated by TagDiv Composer *\/\n.tdi_14{\r\n                    vertical-align: baseline;\r\n                }.tdi_14 .vc_column-inner > .wpb_wrapper,\r\n\t\t\t\t.tdi_14 .vc_column-inner > .wpb_wrapper .tdc-elements{\r\n\t\t\t\t    display: block;\r\n\t\t\t\t}.tdi_14 .vc_column-inner > .wpb_wrapper .tdc-elements{\r\n\t\t\t\t    width: 100%;\r\n\t\t\t\t}\n<\/style><div class=\"vc_column-inner\"><div class=\"wpb_wrapper\" ><div class=\"wpb_wrapper td_block_separator td_block_wrap vc_separator tdi_16  td_separator_solid td_separator_center\"><span style=\"border-color:#EBEBEB;border-width:1px;width:100%;\"><\/span>\n<style scoped>\n\/* custom css - generated by TagDiv Composer *\/\n\n\/* custom css - generated by TagDiv Composer *\/\n.td_block_separator{\r\n                  width: 100%;\r\n                  align-items: center;\r\n                  margin-bottom: 38px;\r\n                  padding-bottom: 10px;\r\n                }.td_block_separator span{\r\n                  position: relative;\r\n                  display: block;\r\n                  margin: 0 auto;\r\n                  width: 100%;\r\n                  height: 1px;\r\n                  border-top: 1px solid #EBEBEB;\r\n                }.td_separator_align_left span{\r\n                  margin-left: 0;\r\n                }.td_separator_align_right span{\r\n                  margin-right: 0;\r\n                }.td_separator_dashed span{\r\n                  border-top-style: dashed;\r\n                }.td_separator_dotted span{\r\n                  border-top-style: dotted;\r\n                }.td_separator_double span{\r\n                  height: 3px;\r\n                  border-bottom: 1px solid #EBEBEB;\r\n                }.td_separator_shadow > span{\r\n                  position: relative;\r\n                  height: 20px;\r\n                  overflow: hidden;\r\n                  border: 0;\r\n                  color: #EBEBEB;\r\n                }.td_separator_shadow > span > span{\r\n                  position: absolute;\r\n                  top: -30px;\r\n                  left: 0;\r\n                  right: 0;\r\n                  margin: 0 auto;\r\n                  height: 13px;\r\n                  width: 98%;\r\n                  border-radius: 100%;\r\n                }html :where([style*='border-width']){\r\n                    border-style: none;\r\n                }\n<\/style><\/div><div class=\"wpb_wrapper td_block_wrap vc_raw_html tdi_18 \"><div class=\"td-fix-index\"><br><\/div><\/div><\/div><\/div><\/div><\/div><div class=\"vc_row_inner tdi_20  vc_row vc_inner wpb_row td-pb-row\" >\n<style scoped>\n\/* custom css - generated by TagDiv Composer *\/\n\n\/* custom css - generated by TagDiv Composer *\/\n.tdi_20{\r\n                    position: relative !important;\r\n                    top: 0;\r\n                    transform: none;\r\n                    -webkit-transform: none;\r\n                }.tdi_20,\r\n\t\t\t\t.tdi_20 .tdc-inner-columns{\r\n\t\t\t\t    display: block;\r\n\t\t\t\t}.tdi_20 .tdc-inner-columns{\r\n\t\t\t\t    width: 100%;\r\n\t\t\t\t}\n<\/style><div class=\"vc_column_inner tdi_22  wpb_column vc_column_container tdc-inner-column td-pb-span6\">\n<style scoped>\n\/* custom css - generated by TagDiv Composer *\/\n\n\/* custom css - generated by TagDiv Composer *\/\n.tdi_22{\r\n                    vertical-align: baseline;\r\n                }.tdi_22 .vc_column-inner > .wpb_wrapper,\r\n\t\t\t\t.tdi_22 .vc_column-inner > .wpb_wrapper .tdc-elements{\r\n\t\t\t\t    display: block;\r\n\t\t\t\t}.tdi_22 .vc_column-inner > .wpb_wrapper .tdc-elements{\r\n\t\t\t\t    width: 100%;\r\n\t\t\t\t}\n<\/style><div class=\"vc_column-inner\"><div class=\"wpb_wrapper\" ><div class=\"td_block_wrap td_block_text_with_title tdi_23 tagdiv-type td-pb-border-top td_block_template_1\"  data-td-block-uid=\"tdi_23\" >\n<style>\n\/* custom css - generated by TagDiv Composer *\/\n.td_block_text_with_title{\r\n                  margin-bottom: 44px;\r\n                  -webkit-transform: translateZ(0);\r\n                  transform: translateZ(0);\r\n                }.td_block_text_with_title p:last-child{\r\n                  margin-bottom: 0;\r\n                }\n<\/style><div class=\"td-block-title-wrap\"><h4 class=\"block-title td-block-title\"><span class=\"td-pulldown-size\">Telefone Comercial<\/span><\/h4><\/div><div class=\"td_mod_wrap td-fix-index\"><p>(11) 4527-2015<\/p>\n<\/div><\/div><\/div><\/div><\/div><div class=\"vc_column_inner tdi_25  wpb_column vc_column_container tdc-inner-column td-pb-span6\">\n<style scoped>\n\/* custom css - generated by TagDiv Composer *\/\n\n\/* custom css - generated by TagDiv Composer *\/\n.tdi_25{\r\n                    vertical-align: baseline;\r\n                }.tdi_25 .vc_column-inner > .wpb_wrapper,\r\n\t\t\t\t.tdi_25 .vc_column-inner > .wpb_wrapper .tdc-elements{\r\n\t\t\t\t    display: block;\r\n\t\t\t\t}.tdi_25 .vc_column-inner > .wpb_wrapper .tdc-elements{\r\n\t\t\t\t    width: 100%;\r\n\t\t\t\t}\n<\/style><div class=\"vc_column-inner\"><div class=\"wpb_wrapper\" ><div class=\"td_block_wrap td_block_text_with_title tdi_26 tagdiv-type td-pb-border-top td_block_template_1\"  data-td-block-uid=\"tdi_26\" ><div class=\"td-block-title-wrap\"><h4 class=\"block-title td-block-title\"><span class=\"td-pulldown-size\">Email Comercial<\/span><\/h4><\/div><div class=\"td_mod_wrap td-fix-index\"><p><a href=\"mailto:comercial@tvchurrasco.com.br\">comercial@tvchurrasco.com.br<\/a><\/p>\n<\/div><\/div><\/div><\/div><\/div><\/div><\/div><\/div><div class=\"vc_column tdi_28  wpb_column vc_column_container tdc-column td-pb-span4\">\n<style scoped>\n\/* custom css - generated by TagDiv Composer *\/\n\n\/* custom css - generated by TagDiv Composer *\/\n.tdi_28{\r\n                    vertical-align: baseline;\r\n                }.tdi_28 > .wpb_wrapper,\r\n\t\t\t\t.tdi_28 > .wpb_wrapper > .tdc-elements{\r\n\t\t\t\t    display: block;\r\n\t\t\t\t}.tdi_28 > .wpb_wrapper > .tdc-elements{\r\n\t\t\t\t    width: 100%;\r\n\t\t\t\t}.tdi_28 > .wpb_wrapper > .vc_row_inner{\r\n\t\t\t\t    width: auto;\r\n\t\t\t\t}.tdi_28 > .wpb_wrapper{\r\n\t\t\t\t    width: auto;\r\n\t\t\t\t    height: auto;\r\n\t\t\t\t}\n<\/style><div class=\"wpb_wrapper\" ><div class=\"wpb_wrapper td_block_wrap vc_widget_sidebar tdi_31 \" ><\/div><\/div><\/div><\/div><\/div><div class=\"angwp_21317 _ning_cont _ning_hidden _ning_outer _align_center responsive\" data-size=\"custom\" data-bid=\"21317\" data-aid=\"0\" style=\"max-width:1000px; width:100%;height:inherit;\"><div class=\"_ning_label _left\" style=\"\"><\/div><div class=\"_ning_inner\" style=\"\"><div class=\"_ning_elmt\"><a href=\"https:\/\/www.youtube.com\/watch?v=S_Ts5EEQYXs\"><img decoding=\"async\" alt=\"Banner Receita\" src=\"https:\/\/www.tvchurrasco.com.br\/site\/wp-content\/uploads\/2025\/04\/Banner-Como-Fazer-Picanha-na-Frigideira-com-Alho-Tv-Churrasco.jpg\"  width=\"100%\" height=\"100%\" \/><\/a><\/div>\r\n<\/br>\r\n<div class=\"_ning_elmt\"><a href=\"https:\/\/www.youtube.com\/shorts\/Y__VBaJYJzI\"><img decoding=\"async\" alt=\"Banner Receita\" src=\"https:\/\/www.tvchurrasco.com.br\/site\/wp-content\/uploads\/2025\/04\/Banner-Receita-de-Linguica-com-Pasta-de-Alho-Tv-Receitas.jpg\"  width=\"100%\" height=\"100%\" \/><\/a><\/div><\/div><\/div><div class=\"clear\"><\/div>","protected":false},"excerpt":{"rendered":"","protected":false},"author":2,"featured_media":0,"parent":0,"menu_order":0,"comment_status":"open","ping_status":"open","template":"","meta":{"wprm-recipe-roundup-name":"","wprm-recipe-roundup-description":"","_uf_show_specific_survey":0,"_uf_disable_surveys":false,"tdm_status":"","tdm_grid_status":"","footnotes":""},"class_list":["post-38","page","type-page","status-publish"],"aioseo_notices":[],"_links":{"self":[{"href":"https:\/\/www.tvchurrasco.com.br\/site\/wp-json\/wp\/v2\/pages\/38","targetHints":{"allow":["GET"]}}],"collection":[{"href":"https:\/\/www.tvchurrasco.com.br\/site\/wp-json\/wp\/v2\/pages"}],"about":[{"href":"https:\/\/www.tvchurrasco.com.br\/site\/wp-json\/wp\/v2\/types\/page"}],"author":[{"embeddable":true,"href":"https:\/\/www.tvchurrasco.com.br\/site\/wp-json\/wp\/v2\/users\/2"}],"replies":[{"embeddable":true,"href":"https:\/\/www.tvchurrasco.com.br\/site\/wp-json\/wp\/v2\/comments?post=38"}],"version-history":[{"count":0,"href":"https:\/\/www.tvchurrasco.com.br\/site\/wp-json\/wp\/v2\/pages\/38\/revisions"}],"wp:attachment":[{"href":"https:\/\/www.tvchurrasco.com.br\/site\/wp-json\/wp\/v2\/media?parent=38"}],"curies":[{"name":"wp","href":"https:\/\/api.w.org\/{rel}","templated":true}]}}